{"id":2473,"date":"2019-02-27T17:23:26","date_gmt":"2019-02-27T17:23:26","guid":{"rendered":"https:\/\/www.hcgserviciossanitarios.com\/?page_id=2473"},"modified":"2020-06-08T13:48:15","modified_gmt":"2020-06-08T13:48:15","slug":"proves-rapides-its","status":"publish","type":"page","link":"https:\/\/www.hcgserviciossanitarios.com\/ca\/proves-rapides-its\/","title":{"rendered":"PROVES R\u00c0PIDES ITS"},"content":{"rendered":"<p>[vc_row css_animation=&#8221;&#8221; row_type=&#8221;row&#8221; use_row_as_full_screen_section=&#8221;no&#8221; type=&#8221;full_width&#8221; angled_section=&#8221;no&#8221; text_align=&#8221;left&#8221; background_image_as_pattern=&#8221;without_pattern&#8221; css=&#8221;.vc_custom_1519077448444{background-position: center !important;background-repeat: no-repeat !important;background-size: cover !important;}&#8221; z_index=&#8221;&#8221;][vc_column][vc_single_image image=&#8221;1465&#8243; img_size=&#8221;full&#8221; alignment=&#8221;center&#8221; qode_css_animation=&#8221;&#8221;][\/vc_column][\/vc_row][vc_row css_animation=&#8221;&#8221; row_type=&#8221;row&#8221; use_row_as_full_screen_section=&#8221;no&#8221; type=&#8221;grid&#8221; angled_section=&#8221;no&#8221; text_align=&#8221;left&#8221; background_image_as_pattern=&#8221;without_pattern&#8221; z_index=&#8221;&#8221; css=&#8221;.vc_custom_1518952629710{margin-right: -50px !important;margin-left: -50px !important;background-color: #fafafa !important;}&#8221; el_class=&#8221;icon-left&#8221;][vc_column width=&#8221;1\/3&#8243; css=&#8221;.vc_custom_1522917704199{margin-top: -10% !important;background-color: #ffffff !important;}&#8221; offset=&#8221;vc_col-lg-4 vc_col-md-4&#8243;][qode_elements_holder number_of_columns=&#8221;one_column&#8221;][qode_elements_holder_item item_padding=&#8221;15px 0px 20px 45px&#8221; advanced_animations=&#8221;no&#8221; item_padding_1024_1280=&#8221;15px 0px 20px 15px&#8221; item_padding_768_1024=&#8221;15px 0px 20px 15px&#8221; item_padding_600_768=&#8221;15px 0px 20px 15px&#8221; item_padding_480_600=&#8221;15px 0px 20px 15px&#8221; item_padding_480=&#8221;15px 0px 20px 15px&#8221;]<div class='q_icon_with_title small custom_icon_image '><div class=\"icon_holder \" style=\" \"><img decoding=\"async\" itemprop=\"image\" style=\"\" src=\"https:\/\/www.hcgserviciossanitarios.com\/wp-content\/uploads\/2018\/02\/fiabilidad.png\" alt=\"\"><\/div><div class=\"icon_text_holder\" style=\"\"><div class=\"icon_text_inner\" style=\"\"><h5 class=\"icon_title\" style=\"\"><b> Alta fiabilitat<\/b><\/h5><p style=''>Realitzades amb t\u00e8cniques d\u2019\u00faltima generaci\u00f3<\/p><\/div><\/div><\/div>[\/qode_elements_holder_item][\/qode_elements_holder][\/vc_column][vc_column width=&#8221;1\/3&#8243; css=&#8221;.vc_custom_1522917727997{margin-top: -10% !important;background-color: #ffffff !important;}&#8221; offset=&#8221;vc_col-lg-4 vc_col-md-4&#8243;][qode_elements_holder number_of_columns=&#8221;one_column&#8221;][qode_elements_holder_item item_padding=&#8221;15px 0px 20px 45px&#8221; advanced_animations=&#8221;no&#8221; item_padding_1024_1280=&#8221;17px 0px 20px 15px&#8221; item_padding_768_1024=&#8221;0px 0px 20px 15px&#8221; item_padding_600_768=&#8221;35px 0px 20px 15px&#8221; item_padding_480_600=&#8221;35px 0px 20px 15px&#8221; item_padding_480=&#8221;35px 0px 20px 15px&#8221;]<div class='q_icon_with_title small custom_icon_image '><div class=\"icon_holder \" style=\" \"><img decoding=\"async\" itemprop=\"image\" style=\"\" src=\"https:\/\/www.hcgserviciossanitarios.com\/wp-content\/uploads\/2018\/01\/sincitaprevia-copia.png\" alt=\"\"><\/div><div class=\"icon_text_holder\" style=\"\"><div class=\"icon_text_inner\" style=\"\"><h5 class=\"icon_title\" style=\"\"><b>Sense cita pr\u00e8via<\/b><\/h5><p style=''>Sense cues, ni esperes t\u2019atendrem al momen<\/p><\/div><\/div><\/div>[\/qode_elements_holder_item][\/qode_elements_holder][\/vc_column][vc_column width=&#8221;1\/3&#8243; css=&#8221;.vc_custom_1522917737874{margin-top: -10% !important;background-color: #ffffff !important;}&#8221; offset=&#8221;vc_col-lg-4 vc_col-md-4&#8243;][qode_elements_holder number_of_columns=&#8221;one_column&#8221;][qode_elements_holder_item item_padding=&#8221;15px 0px 20px 45px&#8221; advanced_animations=&#8221;no&#8221; item_padding_1024_1280=&#8221;17px 0px 20px 15px&#8221; item_padding_768_1024=&#8221;0px 0px 20px 15px&#8221; item_padding_600_768=&#8221;35px 0px 20px 15px&#8221; item_padding_480_600=&#8221;35px 0px 20px 15px&#8221; item_padding_480=&#8221;35px 0px 20px 15px&#8221; custom_class=&#8221;icon-left-no-border&#8221;]<div class='q_icon_with_title small custom_icon_image '><div class=\"icon_holder \" style=\" \"><img decoding=\"async\" itemprop=\"image\" style=\"\" src=\"https:\/\/www.hcgserviciossanitarios.com\/wp-content\/uploads\/2018\/02\/anonimomatgen-e1522661079373.png\" alt=\"\"><\/div><div class=\"icon_text_holder\" style=\"\"><div class=\"icon_text_inner\" style=\"\"><h5 class=\"icon_title\" style=\"\"><b> Confidencialitat<\/b><\/h5><p style=''>Proves totalment an\u00f2nimes i confidencials<\/p><\/div><\/div><\/div>[\/qode_elements_holder_item][\/qode_elements_holder][\/vc_column][\/vc_row][vc_row css_animation=&#8221;&#8221; row_type=&#8221;row&#8221; use_row_as_full_screen_section=&#8221;no&#8221; type=&#8221;full_width&#8221; angled_section=&#8221;no&#8221; text_align=&#8221;left&#8221; background_image_as_pattern=&#8221;without_pattern&#8221; css=&#8221;.vc_custom_1519080797636{padding-top: 75px !important;padding-bottom: 50px !important;}&#8221; z_index=&#8221;&#8221;][vc_column][vc_column_text]<\/p>\n<h2 style=\"text-align: center;\"><span style=\"vertical-align: inherit;\"><span style=\"vertical-align: inherit;\">Enfermetats de Transmissi\u00f3 Sexual<\/span><\/span><\/h2>\n<p>[\/vc_column_text][vc_separator type=&#8221;small&#8221; position=&#8221;center&#8221; color=&#8221;#00a0f0&#8243; thickness=&#8221;4&#8243; width=&#8221;48&#8243; up=&#8221;17&#8243; down=&#8221;25&#8243;][\/vc_column][\/vc_row][vc_row css_animation=&#8221;&#8221; row_type=&#8221;row&#8221; use_row_as_full_screen_section=&#8221;no&#8221; type=&#8221;grid&#8221; angled_section=&#8221;no&#8221; text_align=&#8221;left&#8221; background_image_as_pattern=&#8221;without_pattern&#8221; z_index=&#8221;&#8221;][vc_column][vc_row_inner row_type=&#8221;row&#8221; type=&#8221;full_width&#8221; text_align=&#8221;left&#8221; css_animation=&#8221;&#8221; css=&#8221;.vc_custom_1519080713320{margin-bottom: 80px !important;}&#8221;][vc_column_inner width=&#8221;2\/3&#8243; css=&#8221;.vc_custom_1519041191238{margin-right: 50px !important;}&#8221;][qode_elements_holder number_of_columns=&#8221;one_column&#8221;][qode_elements_holder_item advanced_animations=&#8221;no&#8221;][vc_column_text css=&#8221;.vc_custom_1551288058592{padding-right: 5% !important;}&#8221;]<\/p>\n<p class=\"p1\" style=\"text-align: justify;\">Dins la multitud de proves i an\u00e0lisis cl\u00edniques que es porten a terme a HCG Servicios Sanitarios, una de les m\u00e9s importants per la nostra salut \u00e9s la prova d\u2019 Infeccions de Transmissi\u00f3 Sexual (ITS).<\/p>\n<p>&nbsp;<\/p>\n<p class=\"p1\" style=\"text-align: justify;\">Aquestes proves es caracteritzen per ser molt sensibles i d\u2019una fiabilitat molt elevada. Un altre avantatge, \u00e9s que al tractar-se de proves diagn\u00f2stiques r\u00e0pides, els resultats es poden obtindre en un temps aproximat de 15 minuts.<\/p>\n<p>[\/vc_column_text][\/qode_elements_holder_item][\/qode_elements_holder][vc_empty_space height=&#8221;25px&#8221;][vc_column_text]<\/p>\n<h4>Tipus de proves a realitzades els nostres centres<\/h4>\n<p>[\/vc_column_text][vc_empty_space height=&#8221;15px&#8221;][vc_column_text css=&#8221;.vc_custom_1529052101648{padding-right: 5% !important;}&#8221;]<\/p>\n<ul>\n<li class=\"p1\"><a href=\"https:\/\/www.hcgserviciossanitarios.com\/herpes-iii\/\"><span style=\"color: #00a0f0;\">Herpes I \/ II<\/span><\/a><\/li>\n<li class=\"p1\"><a href=\"https:\/\/www.hcgserviciossanitarios.com\/clamidia\/\"><span style=\"color: #00a0f0;\">Clamidia<\/span><\/a><\/li>\n<li class=\"p1\"><a href=\"https:\/\/www.hcgserviciossanitarios.com\/gonorrea\/\"><span style=\"color: #00a0f0;\">Gonorrea<\/span><\/a><\/li>\n<li class=\"p1\"><a href=\"https:\/\/www.hcgserviciossanitarios.com\/sifilis\/\"><span style=\"color: #00a0f0;\">S\u00edfilis<\/span><\/a><\/li>\n<li class=\"p1\">Hepatitis B<\/li>\n<li class=\"p1\">Hepatitis C<\/li>\n<\/ul>\n<p>[\/vc_column_text][vc_empty_space height=&#8221;25px&#8221;][vc_column_text]<\/p>\n<h4>Centres a on es realitza<\/h4>\n<p>[\/vc_column_text][vc_empty_space height=&#8221;15px&#8221;][qode_elements_holder number_of_columns=&#8221;two_columns&#8221;][qode_elements_holder_item background_color=&#8221;#ffffff&#8221; item_padding=&#8221;25px&#8221; vertical_alignment=&#8221;middle&#8221; advanced_animations=&#8221;yes&#8221; start_position=&#8221;bottom&#8221; end_position=&#8221;center&#8221;]<div class=\"q_icon_list\"><i class=\"qode_icon_font_awesome fa fa-map-marker qode-ili-icon-holder transparent\" style=\"color: #00a0f0;\" ><\/i><p style=\"\">BADALONA \u2013 SANT ADRI\u00c0<\/p><\/div><div class=\"q_icon_list\"><i class=\"qode_icon_font_awesome fa fa-map-marker qode-ili-icon-holder transparent\" style=\"color: #00a0f0;\" ><\/i><p style=\"\">HCG SANTS \u2013 LES CORTS<\/p><\/div>[\/qode_elements_holder_item][qode_elements_holder_item background_color=&#8221;#ffffff&#8221; item_padding=&#8221;25px&#8221; vertical_alignment=&#8221;middle&#8221; advanced_animations=&#8221;yes&#8221; start_position=&#8221;bottom&#8221; end_position=&#8221;center&#8221;]<div class=\"q_icon_list\"><i class=\"qode_icon_font_awesome fa fa-map-marker qode-ili-icon-holder transparent\" style=\"color: #00a0f0;\" ><\/i><p style=\"\">HORTA \u2013 NOU BARRIS<\/p><\/div><div class=\"q_icon_list\"><i class=\"qode_icon_font_awesome fa fa-map-marker qode-ili-icon-holder transparent\" style=\"color: #00a0f0;\" ><\/i><p style=\"\">HOSPITALET DE LLOBREGAT<\/p><\/div>[\/qode_elements_holder_item][\/qode_elements_holder][vc_empty_space height=&#8221;50px&#8221;][\/vc_column_inner][vc_column_inner width=&#8221;1\/3&#8243;][qode_elements_holder background_color=&#8221;#ffffff&#8221; number_of_columns=&#8221;one_column&#8221;][qode_elements_holder_item background_color=&#8221;#ffffff&#8221; advanced_animations=&#8221;no&#8221;]<span data-type=\"normal\"  class=\"qode_icon_shortcode  q_font_awsome_icon fa-3x pull-center q_icon_animation\" style=\"margin: -15px 0px 0px 0px; transition-delay: 300ms; -webkit-transition-delay: 300ms; -moz-transition-delay: 300ms; -o-transition-delay: 300ms;\"><a  itemprop=\"url\" href=\"tel:932805277\" target=\"_self\"><i class=\"qode_icon_font_awesome fa fa-phone qode_icon_element\" style=\"color: #00a0f0;\" ><\/i><\/a><\/span>[vc_column_text css=&#8221;.vc_custom_1523966142532{margin-top: 40px !important;margin-bottom: 40px !important;}&#8221;]<\/p>\n<h5 style=\"text-align: center;\"><a href=\"tel:932805277\"><span class=\"number_sants\"><strong>TEL. 932 805 277<\/strong><\/span><\/a><\/h5>\n<p>[\/vc_column_text][\/qode_elements_holder_item][\/qode_elements_holder][vc_empty_space height=&#8221;15px&#8221;][vc_column_text css=&#8221;.vc_custom_1551288199118{padding-top: 15px !important;padding-right: 15px !important;padding-bottom: 15px !important;padding-left: 15px !important;background-color: #00a0f0 !important;}&#8221;]<\/p>\n<h2 style=\"text-align: center;\"><span style=\"color: #ffffff;\"><span style=\"color: #ffffff;\">Consulta les nostres<br \/>\n<\/span><a style=\"color: #fff;\" href=\"https:\/\/www.hcgserviciossanitarios.com\/webnueva\/tarifas\/\">TARIFES<\/a><\/span><\/h2>\n<p>[\/vc_column_text][vc_empty_space height=&#8221;25px&#8221;][qode_elements_holder background_color=&#8221;#dcf0fa&#8221; number_of_columns=&#8221;one_column&#8221; alignment_one_column=&#8221;center&#8221;][qode_elements_holder_item item_padding=&#8221;25px&#8221; horizontal_alignment=&#8221;center&#8221; advanced_animations=&#8221;no&#8221;][vc_column_text]<\/p>\n<h5 style=\"text-align: center;\"><span style=\"color: #00a0f0;\">ESCRIU-NOS<\/span><\/h5>\n<p>[\/vc_column_text][vc_empty_space height=&#8221;15px&#8221;]\n<div class=\"wpcf7 no-js\" id=\"wpcf7-f2292-o1\" lang=\"en-US\" dir=\"ltr\">\n<div class=\"screen-reader-response\"><p role=\"status\" aria-live=\"polite\" aria-atomic=\"true\"><\/p> <ul><\/ul><\/div>\n<form action=\"\/ca\/wp-json\/wp\/v2\/pages\/2473#wpcf7-f2292-o1\" method=\"post\" class=\"wpcf7-form init cf7_custom_style_1\" aria-label=\"Contact form\" novalidate=\"novalidate\" data-status=\"init\">\n<div style=\"display: none;\">\n<input type=\"hidden\" name=\"_wpcf7\" value=\"2292\" \/>\n<input type=\"hidden\" name=\"_wpcf7_version\" value=\"5.9.8\" \/>\n<input type=\"hidden\" name=\"_wpcf7_locale\" value=\"en_US\" \/>\n<input type=\"hidden\" name=\"_wpcf7_unit_tag\" value=\"wpcf7-f2292-o1\" \/>\n<input type=\"hidden\" name=\"_wpcf7_container_post\" value=\"0\" \/>\n<input type=\"hidden\" name=\"_wpcf7_posted_data_hash\" value=\"\" \/>\n<input type=\"hidden\" name=\"_wpcf7_recaptcha_response\" value=\"\" \/>\n<\/div>\n<p><label> Nom*<br \/>\n<span class=\"wpcf7-form-control-wrap\" data-name=\"your-name\"><input size=\"40\" maxlength=\"400\" class=\"wpcf7-form-control wpcf7-text wpcf7-validates-as-required\" aria-required=\"true\" aria-invalid=\"false\" value=\"\" type=\"text\" name=\"your-name\" \/><\/span> <\/label>\n<\/p>\n<p><label> Email*<br \/>\n<span class=\"wpcf7-form-control-wrap\" data-name=\"your-email\"><input size=\"40\" maxlength=\"400\" class=\"wpcf7-form-control wpcf7-email wpcf7-validates-as-required wpcf7-text wpcf7-validates-as-email\" aria-required=\"true\" aria-invalid=\"false\" value=\"\" type=\"email\" name=\"your-email\" \/><\/span> <\/label>\n<\/p>\n<p><label> Missatge<br \/>\n<span class=\"wpcf7-form-control-wrap\" data-name=\"your-message\"><textarea cols=\"40\" rows=\"10\" maxlength=\"2000\" class=\"wpcf7-form-control wpcf7-textarea\" aria-invalid=\"false\" name=\"your-message\"><\/textarea><\/span> <\/label>\n<\/p>\n<p><span><span class=\"wpcf7-form-control-wrap\" data-name=\"acceptance-279\"><span class=\"wpcf7-form-control wpcf7-acceptance\"><span class=\"wpcf7-list-item\"><input type=\"checkbox\" name=\"acceptance-279\" value=\"1\" aria-invalid=\"false\" \/><\/span><\/span><\/span> He llegit i accepto <a target=\"_blank\" rel=\"nofollow noopener noreferrer\" href=\"https:\/\/www.hcgserviciossanitarios.com\/avisos-legales\"> l\u2019Av\u00eds legal <\/a> i la <a target=\"_blank\" rel=\"nofollow noopener noreferrer\" href=\"https:\/\/www.hcgserviciossanitarios.com\/politica-de-privacidad\">Pol\u00edtica de Privacitat<\/a>.<\/span><br \/>\n<input class=\"wpcf7-form-control wpcf7-submit has-spinner\" type=\"submit\" value=\"Enviar\" \/>\n<\/p>\n<p style=\"display: none !important;\" class=\"akismet-fields-container\" data-prefix=\"_wpcf7_ak_\"><label>&#916;<textarea name=\"_wpcf7_ak_hp_textarea\" cols=\"45\" rows=\"8\" maxlength=\"100\"><\/textarea><\/label><input type=\"hidden\" id=\"ak_js_1\" name=\"_wpcf7_ak_js\" value=\"218\"\/><script>document.getElementById( \"ak_js_1\" ).setAttribute( \"value\", ( new Date() ).getTime() );<\/script><\/p><div class=\"wpcf7-response-output\" aria-hidden=\"true\"><\/div>\n<\/form>\n<\/div>\n[\/qode_elements_holder_item][\/qode_elements_holder][\/vc_column_inner][\/vc_row_inner][\/vc_column][\/vc_row][vc_row css_animation=&#8221;&#8221; row_type=&#8221;row&#8221; use_row_as_full_screen_section=&#8221;no&#8221; type=&#8221;full_width&#8221; angled_section=&#8221;no&#8221; text_align=&#8221;left&#8221; background_image_as_pattern=&#8221;without_pattern&#8221; background_color=&#8221;#ffffff&#8221; border_color=&#8221;#ffffff&#8221; css=&#8221;.vc_custom_1521033799871{padding-top: 30px !important;background-color: #ffffff !important;}&#8221; z_index=&#8221;&#8221;][vc_column css=&#8221;.vc_custom_1519079908607{background-color: #ffffff !important;}&#8221;][vc_column_text]<\/p>\n<h2 style=\"text-align: center;\">Els nostres centres m\u00e8dics<\/h2>\n<p>[\/vc_column_text][vc_separator type=&#8221;small&#8221; position=&#8221;center&#8221; color=&#8221;#00a0f0&#8243; thickness=&#8221;4&#8243; width=&#8221;48&#8243; up=&#8221;17&#8243; down=&#8221;25&#8243;][vc_empty_space height=&#8221;25px&#8221;][\/vc_column][\/vc_row]<\/p>\n<p>[vc_row css_animation=&#8221;&#8221; row_type=&#8221;row&#8221; use_row_as_full_screen_section=&#8221;no&#8221; type=&#8221;grid&#8221; angled_section=&#8221;no&#8221; text_align=&#8221;left&#8221; background_image_as_pattern=&#8221;without_pattern&#8221; background_color=&#8221;#ffffff&#8221; padding_bottom=&#8221;80&#8243; z_index=&#8221;&#8221;][vc_column][vc_raw_html]JTVCc2MlMjBuYW1lJTNEJTIybnVlc3Ryb3NjZW50cm9zY2F0JTIyJTVE[\/vc_raw_html][\/vc_column][\/vc_row]<\/p>\n","protected":false},"excerpt":{"rendered":"<p>[vc_row css_animation=&#8221;&#8221; row_type=&#8221;row&#8221; use_row_as_full_screen_section=&#8221;no&#8221; type=&#8221;full_width&#8221; angled_section=&#8221;no&#8221; text_align=&#8221;left&#8221; background_image_as_pattern=&#8221;without_pattern&#8221; css=&#8221;.vc_custom_1519077448444{background-position: center !important;background-repeat: no-repeat !important;background-size: cover !important;}&#8221; z_index=&#8221;&#8221;][vc_column][vc_single_image image=&#8221;1465&#8243; img_size=&#8221;full&#8221; alignment=&#8221;center&#8221; qode_css_animation=&#8221;&#8221;][\/vc_column][\/vc_row][vc_row css_animation=&#8221;&#8221; row_type=&#8221;row&#8221; use_row_as_full_screen_section=&#8221;no&#8221; type=&#8221;grid&#8221; angled_section=&#8221;no&#8221; text_align=&#8221;left&#8221; background_image_as_pattern=&#8221;without_pattern&#8221; z_index=&#8221;&#8221; css=&#8221;.vc_custom_1518952629710{margin-right: -50px !important;margin-left: -50px !important;background-color: #fafafa !important;}&#8221; el_class=&#8221;icon-left&#8221;][vc_column width=&#8221;1\/3&#8243; css=&#8221;.vc_custom_1522917704199{margin-top: -10% !important;background-color: #ffffff !important;}&#8221; offset=&#8221;vc_col-lg-4 vc_col-md-4&#8243;][qode_elements_holder number_of_columns=&#8221;one_column&#8221;][qode_elements_holder_item&#8230;<\/p>\n","protected":false},"author":1,"featured_media":0,"parent":0,"menu_order":0,"comment_status":"closed","ping_status":"closed","template":"full_width.php","meta":{"footnotes":""},"class_list":["post-2473","page","type-page","status-publish","hentry"],"yoast_head":"<!-- This site is optimized with the Yoast SEO plugin v23.3 - https:\/\/yoast.com\/wordpress\/plugins\/seo\/ -->\n<title>PROVES R\u00c0PIDES ITS - HCG Servicios sanitarios<\/title>\n<meta name=\"robots\" content=\"index, follow, max-snippet:-1, max-image-preview:large, max-video-preview:-1\" \/>\n<link rel=\"canonical\" href=\"https:\/\/www.hcgserviciossanitarios.com\/ca\/proves-rapides-its\/\" \/>\n<meta property=\"og:locale\" content=\"ca_ES\" \/>\n<meta property=\"og:type\" content=\"article\" \/>\n<meta property=\"og:title\" content=\"PROVES R\u00c0PIDES ITS - HCG Servicios sanitarios\" \/>\n<meta property=\"og:description\" content=\"[vc_row css_animation=&#8221;&#8221; row_type=&#8221;row&#8221; use_row_as_full_screen_section=&#8221;no&#8221; type=&#8221;full_width&#8221; angled_section=&#8221;no&#8221; text_align=&#8221;left&#8221; background_image_as_pattern=&#8221;without_pattern&#8221; css=&#8221;.vc_custom_1519077448444{background-position: center !important;background-repeat: no-repeat !important;background-size: cover !important;}&#8221; z_index=&#8221;&#8221;][vc_column][vc_single_image image=&#8221;1465&#8243; img_size=&#8221;full&#8221; alignment=&#8221;center&#8221; qode_css_animation=&#8221;&#8221;][\/vc_column][\/vc_row][vc_row css_animation=&#8221;&#8221; row_type=&#8221;row&#8221; use_row_as_full_screen_section=&#8221;no&#8221; type=&#8221;grid&#8221; angled_section=&#8221;no&#8221; text_align=&#8221;left&#8221; background_image_as_pattern=&#8221;without_pattern&#8221; z_index=&#8221;&#8221; css=&#8221;.vc_custom_1518952629710{margin-right: -50px !important;margin-left: -50px !important;background-color: #fafafa !important;}&#8221; el_class=&#8221;icon-left&#8221;][vc_column width=&#8221;1\/3&#8243; css=&#8221;.vc_custom_1522917704199{margin-top: -10% !important;background-color: #ffffff !important;}&#8221; offset=&#8221;vc_col-lg-4 vc_col-md-4&#8243;][qode_elements_holder number_of_columns=&#8221;one_column&#8221;][qode_elements_holder_item...\" \/>\n<meta property=\"og:url\" content=\"https:\/\/www.hcgserviciossanitarios.com\/ca\/proves-rapides-its\/\" \/>\n<meta property=\"og:site_name\" content=\"HCG Servicios sanitarios\" \/>\n<meta property=\"article:modified_time\" content=\"2020-06-08T13:48:15+00:00\" \/>\n<meta name=\"twitter:card\" content=\"summary_large_image\" \/>\n<meta name=\"twitter:label1\" content=\"Temps estimat de lectura\" \/>\n\t<meta name=\"twitter:data1\" content=\"6 minuts\" \/>\n<script type=\"application\/ld+json\" class=\"yoast-schema-graph\">{\"@context\":\"https:\/\/schema.org\",\"@graph\":[{\"@type\":\"WebPage\",\"@id\":\"https:\/\/www.hcgserviciossanitarios.com\/ca\/proves-rapides-its\/\",\"url\":\"https:\/\/www.hcgserviciossanitarios.com\/ca\/proves-rapides-its\/\",\"name\":\"PROVES R\u00c0PIDES ITS - HCG Servicios sanitarios\",\"isPartOf\":{\"@id\":\"https:\/\/www.hcgserviciossanitarios.com\/#website\"},\"datePublished\":\"2019-02-27T17:23:26+00:00\",\"dateModified\":\"2020-06-08T13:48:15+00:00\",\"breadcrumb\":{\"@id\":\"https:\/\/www.hcgserviciossanitarios.com\/ca\/proves-rapides-its\/#breadcrumb\"},\"inLanguage\":\"ca\",\"potentialAction\":[{\"@type\":\"ReadAction\",\"target\":[\"https:\/\/www.hcgserviciossanitarios.com\/ca\/proves-rapides-its\/\"]}]},{\"@type\":\"BreadcrumbList\",\"@id\":\"https:\/\/www.hcgserviciossanitarios.com\/ca\/proves-rapides-its\/#breadcrumb\",\"itemListElement\":[{\"@type\":\"ListItem\",\"position\":1,\"name\":\"Portada\",\"item\":\"https:\/\/www.hcgserviciossanitarios.com\/ca\/\"},{\"@type\":\"ListItem\",\"position\":2,\"name\":\"PROVES R\u00c0PIDES ITS\"}]},{\"@type\":\"WebSite\",\"@id\":\"https:\/\/www.hcgserviciossanitarios.com\/#website\",\"url\":\"https:\/\/www.hcgserviciossanitarios.com\/\",\"name\":\"HCG Servicios sanitarios\",\"description\":\"Centros m\u00e9dicos en Barcelona\",\"potentialAction\":[{\"@type\":\"SearchAction\",\"target\":{\"@type\":\"EntryPoint\",\"urlTemplate\":\"https:\/\/www.hcgserviciossanitarios.com\/?s={search_term_string}\"},\"query-input\":\"required name=search_term_string\"}],\"inLanguage\":\"ca\"}]}<\/script>\n<!-- \/ Yoast SEO plugin. -->","yoast_head_json":{"title":"PROVES R\u00c0PIDES ITS - HCG Servicios sanitarios","robots":{"index":"index","follow":"follow","max-snippet":"max-snippet:-1","max-image-preview":"max-image-preview:large","max-video-preview":"max-video-preview:-1"},"canonical":"https:\/\/www.hcgserviciossanitarios.com\/ca\/proves-rapides-its\/","og_locale":"ca_ES","og_type":"article","og_title":"PROVES R\u00c0PIDES ITS - HCG Servicios sanitarios","og_description":"[vc_row css_animation=&#8221;&#8221; row_type=&#8221;row&#8221; use_row_as_full_screen_section=&#8221;no&#8221; type=&#8221;full_width&#8221; angled_section=&#8221;no&#8221; text_align=&#8221;left&#8221; background_image_as_pattern=&#8221;without_pattern&#8221; css=&#8221;.vc_custom_1519077448444{background-position: center !important;background-repeat: no-repeat !important;background-size: cover !important;}&#8221; z_index=&#8221;&#8221;][vc_column][vc_single_image image=&#8221;1465&#8243; img_size=&#8221;full&#8221; alignment=&#8221;center&#8221; qode_css_animation=&#8221;&#8221;][\/vc_column][\/vc_row][vc_row css_animation=&#8221;&#8221; row_type=&#8221;row&#8221; use_row_as_full_screen_section=&#8221;no&#8221; type=&#8221;grid&#8221; angled_section=&#8221;no&#8221; text_align=&#8221;left&#8221; background_image_as_pattern=&#8221;without_pattern&#8221; z_index=&#8221;&#8221; css=&#8221;.vc_custom_1518952629710{margin-right: -50px !important;margin-left: -50px !important;background-color: #fafafa !important;}&#8221; el_class=&#8221;icon-left&#8221;][vc_column width=&#8221;1\/3&#8243; css=&#8221;.vc_custom_1522917704199{margin-top: -10% !important;background-color: #ffffff !important;}&#8221; offset=&#8221;vc_col-lg-4 vc_col-md-4&#8243;][qode_elements_holder number_of_columns=&#8221;one_column&#8221;][qode_elements_holder_item...","og_url":"https:\/\/www.hcgserviciossanitarios.com\/ca\/proves-rapides-its\/","og_site_name":"HCG Servicios sanitarios","article_modified_time":"2020-06-08T13:48:15+00:00","twitter_card":"summary_large_image","twitter_misc":{"Temps estimat de lectura":"6 minuts"},"schema":{"@context":"https:\/\/schema.org","@graph":[{"@type":"WebPage","@id":"https:\/\/www.hcgserviciossanitarios.com\/ca\/proves-rapides-its\/","url":"https:\/\/www.hcgserviciossanitarios.com\/ca\/proves-rapides-its\/","name":"PROVES R\u00c0PIDES ITS - HCG Servicios sanitarios","isPartOf":{"@id":"https:\/\/www.hcgserviciossanitarios.com\/#website"},"datePublished":"2019-02-27T17:23:26+00:00","dateModified":"2020-06-08T13:48:15+00:00","breadcrumb":{"@id":"https:\/\/www.hcgserviciossanitarios.com\/ca\/proves-rapides-its\/#breadcrumb"},"inLanguage":"ca","potentialAction":[{"@type":"ReadAction","target":["https:\/\/www.hcgserviciossanitarios.com\/ca\/proves-rapides-its\/"]}]},{"@type":"BreadcrumbList","@id":"https:\/\/www.hcgserviciossanitarios.com\/ca\/proves-rapides-its\/#breadcrumb","itemListElement":[{"@type":"ListItem","position":1,"name":"Portada","item":"https:\/\/www.hcgserviciossanitarios.com\/ca\/"},{"@type":"ListItem","position":2,"name":"PROVES R\u00c0PIDES ITS"}]},{"@type":"WebSite","@id":"https:\/\/www.hcgserviciossanitarios.com\/#website","url":"https:\/\/www.hcgserviciossanitarios.com\/","name":"HCG Servicios sanitarios","description":"Centros m\u00e9dicos en Barcelona","potentialAction":[{"@type":"SearchAction","target":{"@type":"EntryPoint","urlTemplate":"https:\/\/www.hcgserviciossanitarios.com\/?s={search_term_string}"},"query-input":"required name=search_term_string"}],"inLanguage":"ca"}]}},"_links":{"self":[{"href":"https:\/\/www.hcgserviciossanitarios.com\/ca\/wp-json\/wp\/v2\/pages\/2473"}],"collection":[{"href":"https:\/\/www.hcgserviciossanitarios.com\/ca\/wp-json\/wp\/v2\/pages"}],"about":[{"href":"https:\/\/www.hcgserviciossanitarios.com\/ca\/wp-json\/wp\/v2\/types\/page"}],"author":[{"embeddable":true,"href":"https:\/\/www.hcgserviciossanitarios.com\/ca\/wp-json\/wp\/v2\/users\/1"}],"replies":[{"embeddable":true,"href":"https:\/\/www.hcgserviciossanitarios.com\/ca\/wp-json\/wp\/v2\/comments?post=2473"}],"version-history":[{"count":2,"href":"https:\/\/www.hcgserviciossanitarios.com\/ca\/wp-json\/wp\/v2\/pages\/2473\/revisions"}],"predecessor-version":[{"id":2744,"href":"https:\/\/www.hcgserviciossanitarios.com\/ca\/wp-json\/wp\/v2\/pages\/2473\/revisions\/2744"}],"wp:attachment":[{"href":"https:\/\/www.hcgserviciossanitarios.com\/ca\/wp-json\/wp\/v2\/media?parent=2473"}],"curies":[{"name":"wp","href":"https:\/\/api.w.org\/{rel}","templated":true}]}}